{"id":32,"date":"2024-06-13T18:31:44","date_gmt":"2024-06-13T16:31:44","guid":{"rendered":"http:\/\/hotel-brindisi.it\/?page_id=32"},"modified":"2024-06-15T18:06:04","modified_gmt":"2024-06-15T16:06:04","slug":"i-migliori","status":"publish","type":"page","link":"https:\/\/hotel-brindisi.it\/index.php\/i-migliori\/","title":{"rendered":"I migliori Bed and  Breakfast"},"content":{"rendered":"\n<p>I migliori <strong>Bed and Breakfast<\/strong> della provincia di Brindisi.<\/p>\n\n\n\n<p>dal pi\u00f9 economico al pi\u00f9 costoso, dal pi\u00f9 elegante al pi\u00f9 intrigante.<\/p>\n\n\n\n<p>Solo i migliori qui di seguito!<\/p>\n\n\n\n<hr class=\"wp-block-separator has-alpha-channel-opacity is-style-wide\"\/>\n\n\n\n<p><strong>N.1 &#8211; BORGO SALENTINO &#8211;<\/strong><\/p>\n\n\n\n<hr class=\"wp-block-separator has-alpha-channel-opacity is-style-wide\"\/>\n\n\n\n<figure class=\"wp-block-image size-full\"><a href=\"https:\/\/beb.it\/preview\/index.cfm?ids=54168&amp;tipos=bbit&amp;lingua=it\"><img loading=\"lazy\" decoding=\"async\" width=\"504\" height=\"241\" src=\"https:\/\/hotel-brindisi.it\/wp-content\/uploads\/2024\/06\/borgo_salentino_room.jpg\" alt=\"\" class=\"wp-image-41\" srcset=\"https:\/\/hotel-brindisi.it\/wp-content\/uploads\/2024\/06\/borgo_salentino_room.jpg 504w, https:\/\/hotel-brindisi.it\/wp-content\/uploads\/2024\/06\/borgo_salentino_room-300x143.jpg 300w\" sizes=\"auto, (max-width: 504px) 100vw, 504px\" \/><\/a><\/figure>\n\n\n\n<p>Piccola struttura, economica e funzionale, Borgo Salentino piace molto a dire delle centinaia di recensioni sparse nel web. Ogni camera ha un materasso in lattice matrimoniale (senza divisorio), bagno interno privato, angolino cottura interno, giardino privato con accesso solo dalla camera, TV con Netflix, WIFi, Climatizzatore freddo o caldo. In omaggio c&#8217;\u00e8 sempre caffe e briosche.<\/p>\n\n\n\n<p>Sono presenti sul mercato dal 2016 e conviene contattarli direttamente per risparmiare sulle commissioni. Di seguito i contatti.<\/p>\n\n\n\n<p>Per chiedere disponibilit\u00e0 e preventivo potete scrivere in chat su Whatsapp al 3899404616 oppure navigare sul sito www.borgosalentino.it <\/p>\n\n\n\n<p>Per chi volesse invece prenotare dai portali clicca qui:<\/p>\n\n\n\n<p><strong>Whatsapp <\/strong>3899404616<\/p>\n\n\n\n<div class=\"wp-block-buttons is-layout-flex wp-block-buttons-is-layout-flex\">\n<div class=\"wp-block-button\"><a class=\"wp-block-button__link wp-element-button\">Bed-and-breakfast.it<\/a><\/div>\n<\/div>\n\n\n\n<div class=\"wp-block-buttons is-layout-flex wp-block-buttons-is-layout-flex\">\n<div class=\"wp-block-button\"><a class=\"wp-block-button__link wp-element-button\">Booking.com<\/a><\/div>\n<\/div>\n\n\n\n<div class=\"wp-block-buttons is-layout-flex wp-block-buttons-is-layout-flex\">\n<div class=\"wp-block-button\"><a class=\"wp-block-button__link wp-element-button\">sito diretto<\/a><\/div>\n<\/div>\n\n\n\n<hr class=\"wp-block-separator has-alpha-channel-opacity is-style-wide\"\/>\n\n\n\n<p><strong>N.2<\/strong><\/p>\n\n\n\n<hr class=\"wp-block-separator has-alpha-channel-opacity is-style-wide\"\/>\n\n\n\n<div class=\"wp-block-cover\"><span aria-hidden=\"true\" class=\"wp-block-cover__background has-background-dim\"><\/span><div class=\"wp-block-cover__inner-container is-layout-flow wp-block-cover-is-layout-flow\">\n<div class=\"wp-block-group\"><div class=\"wp-block-group__inner-container is-layout-constrained wp-block-group-is-layout-constrained\">\n<div class=\"wp-block-group\"><div class=\"wp-block-group__inner-container is-layout-constrained wp-block-group-is-layout-constrained\">\n<div class=\"wp-block-travelpayouts-shortcodes\">[tp_hotels_selections_discount_shortcodes type_selections=&#8221;popularity&#8221; city=&#8221;12511&#8243; number_results=&#8221;10&#8243;]<\/div>\n<\/div><\/div>\n<\/div><\/div>\n<\/div><\/div>\n","protected":false},"excerpt":{"rendered":"<p>I migliori Bed and Breakfast della provincia di Brindisi. dal pi\u00f9 economico al pi\u00f9 costoso,&hellip;<\/p>\n","protected":false},"author":1,"featured_media":0,"parent":0,"menu_order":0,"comment_status":"closed","ping_status":"closed","template":"","meta":{"footnotes":""},"class_list":["post-32","page","type-page","status-publish","hentry"],"_links":{"self":[{"href":"https:\/\/hotel-brindisi.it\/index.php\/wp-json\/wp\/v2\/pages\/32","targetHints":{"allow":["GET"]}}],"collection":[{"href":"https:\/\/hotel-brindisi.it\/index.php\/wp-json\/wp\/v2\/pages"}],"about":[{"href":"https:\/\/hotel-brindisi.it\/index.php\/wp-json\/wp\/v2\/types\/page"}],"author":[{"embeddable":true,"href":"https:\/\/hotel-brindisi.it\/index.php\/wp-json\/wp\/v2\/users\/1"}],"replies":[{"embeddable":true,"href":"https:\/\/hotel-brindisi.it\/index.php\/wp-json\/wp\/v2\/comments?post=32"}],"version-history":[{"count":16,"href":"https:\/\/hotel-brindisi.it\/index.php\/wp-json\/wp\/v2\/pages\/32\/revisions"}],"predecessor-version":[{"id":101,"href":"https:\/\/hotel-brindisi.it\/index.php\/wp-json\/wp\/v2\/pages\/32\/revisions\/101"}],"wp:attachment":[{"href":"https:\/\/hotel-brindisi.it\/index.php\/wp-json\/wp\/v2\/media?parent=32"}],"curies":[{"name":"wp","href":"https:\/\/api.w.org\/{rel}","templated":true}]}}