{"id":58,"date":"2024-06-15T00:11:40","date_gmt":"2024-06-14T22:11:40","guid":{"rendered":"http:\/\/hotel-brindisi.it\/?page_id=58"},"modified":"2024-06-15T18:11:29","modified_gmt":"2024-06-15T16:11:29","slug":"i-migliori-hotel","status":"publish","type":"page","link":"https:\/\/hotel-brindisi.it\/index.php\/i-migliori-hotel\/","title":{"rendered":"I migliori Hotel"},"content":{"rendered":"\n<p>I migliori&nbsp;<strong>Hotel<\/strong>&nbsp;della provincia di Brindisi.<\/p>\n\n\n\n<p>dal pi\u00f9 economico al pi\u00f9 costoso, dal pi\u00f9 elegante al pi\u00f9 intrigante.<\/p>\n\n\n\n<p>Solo i migliori qui di seguito!<\/p>\n\n\n\n<figure class=\"wp-block-image size-large\"><a href=\"https:\/\/beb.it\/preview\/index.cfm?ids=54168&amp;tipos=bbit&amp;lingua=it\"><img loading=\"lazy\" decoding=\"async\" width=\"1024\" height=\"402\" src=\"https:\/\/hotel-brindisi.it\/wp-content\/uploads\/2024\/06\/Borgo_Salentino_bed_and_breakfast-1-1024x402.jpg\" alt=\"\" class=\"wp-image-83\" srcset=\"https:\/\/hotel-brindisi.it\/wp-content\/uploads\/2024\/06\/Borgo_Salentino_bed_and_breakfast-1-1024x402.jpg 1024w, https:\/\/hotel-brindisi.it\/wp-content\/uploads\/2024\/06\/Borgo_Salentino_bed_and_breakfast-1-300x118.jpg 300w, https:\/\/hotel-brindisi.it\/wp-content\/uploads\/2024\/06\/Borgo_Salentino_bed_and_breakfast-1-768x301.jpg 768w, https:\/\/hotel-brindisi.it\/wp-content\/uploads\/2024\/06\/Borgo_Salentino_bed_and_breakfast-1.jpg 1200w\" sizes=\"auto, (max-width: 1024px) 100vw, 1024px\" \/><\/a><\/figure>\n\n\n\n<div class=\"wp-block-travelpayouts-shortcodes\">[tp_hotels_selections_discount_shortcodes type_selections=&#8221;popularity&#8221; city=&#8221;12511&#8243;]<\/div>\n","protected":false},"excerpt":{"rendered":"<p>I migliori&nbsp;Hotel&nbsp;della provincia di Brindisi. dal pi\u00f9 economico al pi\u00f9 costoso, dal pi\u00f9 elegante al&hellip;<\/p>\n","protected":false},"author":1,"featured_media":0,"parent":0,"menu_order":0,"comment_status":"closed","ping_status":"closed","template":"","meta":{"footnotes":""},"class_list":["post-58","page","type-page","status-publish","hentry"],"_links":{"self":[{"href":"https:\/\/hotel-brindisi.it\/index.php\/wp-json\/wp\/v2\/pages\/58","targetHints":{"allow":["GET"]}}],"collection":[{"href":"https:\/\/hotel-brindisi.it\/index.php\/wp-json\/wp\/v2\/pages"}],"about":[{"href":"https:\/\/hotel-brindisi.it\/index.php\/wp-json\/wp\/v2\/types\/page"}],"author":[{"embeddable":true,"href":"https:\/\/hotel-brindisi.it\/index.php\/wp-json\/wp\/v2\/users\/1"}],"replies":[{"embeddable":true,"href":"https:\/\/hotel-brindisi.it\/index.php\/wp-json\/wp\/v2\/comments?post=58"}],"version-history":[{"count":3,"href":"https:\/\/hotel-brindisi.it\/index.php\/wp-json\/wp\/v2\/pages\/58\/revisions"}],"predecessor-version":[{"id":104,"href":"https:\/\/hotel-brindisi.it\/index.php\/wp-json\/wp\/v2\/pages\/58\/revisions\/104"}],"wp:attachment":[{"href":"https:\/\/hotel-brindisi.it\/index.php\/wp-json\/wp\/v2\/media?parent=58"}],"curies":[{"name":"wp","href":"https:\/\/api.w.org\/{rel}","templated":true}]}}